{"id":6068,"date":"2022-06-20T10:45:26","date_gmt":"2022-06-20T15:45:26","guid":{"rendered":"http:\/\/deganinsuranceagency.three.zysites.com\/about-us\/"},"modified":"2024-01-24T12:02:06","modified_gmt":"2024-01-24T18:02:06","slug":"about-us","status":"publish","type":"page","link":"https:\/\/www.degnaninsurance.com\/es\/about-us\/","title":{"rendered":"Acerca de nosotros"},"content":{"rendered":"<p>La Agencia de Seguros Degnan se especializa en l\u00edneas de seguros personales y comerciales. La empresa se form\u00f3 en 1993 en Lawrence, MA. Escribimos con varias empresas y ofrecemos seguros para propietarios de viviendas, autom\u00f3viles, empresas, compensaci\u00f3n laboral y fianzas. Nuestra empresa cuenta con varios representantes de servicio al cliente que est\u00e1n aqu\u00ed para brindarles a nuestros clientes el m\u00e1s alto nivel de servicio. Todo nuestro personal es biling\u00fce (ingl\u00e9s\/espa\u00f1ol). \u00a1Esperamos con inter\u00e9s trabajar con usted!<\/p>\n<h2>Estado de la misi\u00f3n<\/h2>\n<p>Proporcionar a nuestros clientes los mejores precios posibles y el mejor servicio en todo momento.<br \/>\n\u00a1Nos esforzamos por ser los mejores en lo que hacemos!<\/p>\n<h2>Somos miembros de:<\/h2>\n<p><img loading=\"lazy\" decoding=\"async\" class=\"alignnone size-full wp-image-6056\" src=\"http:\/\/deganinsuranceagency.three.zysites.com\/wp-content\/uploads\/sites\/316\/2024\/01\/logo_iiaa.gif\" alt=\"\" width=\"171\" height=\"125\" \/> <img loading=\"lazy\" decoding=\"async\" class=\"alignnone size-medium wp-image-6057\" src=\"http:\/\/deganinsuranceagency.three.zysites.com\/wp-content\/uploads\/sites\/316\/2024\/01\/maia.gif\" alt=\"\" width=\"120\" height=\"75\" \/><\/p>\n<h2>Las empresas que representamos y con las que hacemos negocios incluyen:<\/h2>\n<p><img loading=\"lazy\" decoding=\"async\" class=\"alignnone size-full wp-image-6058\" src=\"http:\/\/deganinsuranceagency.three.zysites.com\/wp-content\/uploads\/sites\/316\/2024\/01\/wcribma.gif\" alt=\"\" width=\"363\" height=\"100\" \/> <img loading=\"lazy\" decoding=\"async\" class=\"alignnone size-medium wp-image-6059\" src=\"http:\/\/deganinsuranceagency.three.zysites.com\/wp-content\/uploads\/sites\/316\/2024\/01\/safety_insurance_logo.gif\" alt=\"\" width=\"252\" height=\"65\" \/> <img loading=\"lazy\" decoding=\"async\" class=\"alignnone size-medium wp-image-6060\" src=\"http:\/\/deganinsuranceagency.three.zysites.com\/wp-content\/uploads\/sites\/316\/2024\/01\/cna-surety.jpg\" alt=\"\" width=\"250\" height=\"75\" \/> <img loading=\"lazy\" decoding=\"async\" class=\"alignnone size-medium wp-image-6061\" src=\"http:\/\/deganinsuranceagency.three.zysites.com\/wp-content\/uploads\/sites\/316\/2024\/01\/mpiua.jpg\" alt=\"\" width=\"108\" height=\"33\" \/> <img loading=\"lazy\" decoding=\"async\" class=\"alignnone size-medium wp-image-6062\" src=\"http:\/\/deganinsuranceagency.three.zysites.com\/wp-content\/uploads\/sites\/316\/2024\/01\/Commerce_20Ins_20Co_20Logo_202.jpg\" alt=\"\" width=\"259\" height=\"213\" \/> <img loading=\"lazy\" decoding=\"async\" class=\"alignnone size-medium wp-image-6063\" src=\"http:\/\/deganinsuranceagency.three.zysites.com\/wp-content\/uploads\/sites\/316\/2024\/01\/Plymouth-Rock-Assurance-logo.gif\" alt=\"\" width=\"232\" height=\"77\" \/> <img loading=\"lazy\" decoding=\"async\" class=\"alignnone size-medium wp-image-6064\" src=\"http:\/\/deganinsuranceagency.three.zysites.com\/wp-content\/uploads\/sites\/316\/2024\/01\/tower_group_insurance.jpg\" alt=\"\" width=\"150\" height=\"48\" \/><\/p>\n","protected":false},"excerpt":{"rendered":"<p>La Agencia de Seguros Degnan se especializa en l\u00edneas de seguros personales y comerciales. La empresa se form\u00f3 en 1993 en Lawrence, MA. Escribimos con varias empresas y ofrecemos seguros para propietarios de viviendas, autom\u00f3viles, empresas, compensaci\u00f3n laboral y fianzas. Nuestra empresa cuenta con varios representantes de servicio al cliente que est\u00e1n aqu\u00ed para brindarles [&hellip;]<\/p>\n","protected":false},"author":35,"featured_media":0,"parent":0,"menu_order":0,"comment_status":"closed","ping_status":"closed","template":"","meta":{"_acf_changed":false,"_seopress_robots_primary_cat":"0","_seopress_titles_title":"","_seopress_titles_desc":"","_seopress_robots_index":"","_analytify_skip_tracking":false,"footnotes":""},"class_list":["post-6068","page","type-page","status-publish","hentry"],"acf":[],"_links":{"self":[{"href":"https:\/\/www.degnaninsurance.com\/es\/wp-json\/wp\/v2\/pages\/6068","targetHints":{"allow":["GET"]}}],"collection":[{"href":"https:\/\/www.degnaninsurance.com\/es\/wp-json\/wp\/v2\/pages"}],"about":[{"href":"https:\/\/www.degnaninsurance.com\/es\/wp-json\/wp\/v2\/types\/page"}],"author":[{"embeddable":true,"href":"https:\/\/www.degnaninsurance.com\/es\/wp-json\/wp\/v2\/users\/35"}],"replies":[{"embeddable":true,"href":"https:\/\/www.degnaninsurance.com\/es\/wp-json\/wp\/v2\/comments?post=6068"}],"version-history":[{"count":0,"href":"https:\/\/www.degnaninsurance.com\/es\/wp-json\/wp\/v2\/pages\/6068\/revisions"}],"wp:attachment":[{"href":"https:\/\/www.degnaninsurance.com\/es\/wp-json\/wp\/v2\/media?parent=6068"}],"curies":[{"name":"wp","href":"https:\/\/api.w.org\/{rel}","templated":true}]}}